{"id":8409,"date":"2016-02-24T16:30:40","date_gmt":"2016-02-24T15:30:40","guid":{"rendered":"http:\/\/highxtar.com\/?page_id=8409"},"modified":"2026-01-19T12:38:53","modified_gmt":"2026-01-19T11:38:53","slug":"about","status":"publish","type":"page","link":"https:\/\/highxtar.com\/en\/about\/","title":{"rendered":"About HIGHXTAR."},"content":{"rendered":"\n<p>Since our launch in 2017, we at<strong> HIGHXTAR. have been at the forefront of youth culture<\/strong>. From the proliferation of streetwear to its infiltration into luxury, we&#8217;ve witnessed traditional boundaries collapse giving rise to <strong>new narratives<\/strong>. Today, we not only talk about youth culture, but we shape it through <strong><a href=\"http:\/\/highxtar.com\/\">highxtar.com<\/a><\/strong>.<\/p>\n\n\n\n<p>We are drawn to the people, ideas, places, products and brands that shape the lives of today&#8217;s youth, often before they enter the mainstream.<\/p>\n\n\n\n<p><strong>It has never been more important to understand and connect with the audience demographic that is responsible for today&#8217;s cultural shifts in desirability and perception.<\/strong><\/p>\n\n\n\n<p><strong>Welcome to our universe.<\/strong><\/p>\n\n\n\n<div style=\"height:30px\" aria-hidden=\"true\" class=\"wp-block-spacer\"><\/div>\n\n\n\n<h2 class=\"wp-block-heading has-large-font-size\" id=\"h-team\">Team:<\/h2>\n\n\n\n<p><strong>Borja Bas<\/strong>\u00a0&#8211; Director <strong>|<\/strong> <strong><a href=\"mailto:b.bas@highxtar.com\">b.bas@highxtar.com<\/a><\/strong><\/p>\n\n\n\n<p><strong>Paloma Molinos<\/strong>\u00a0&#8211; Head of Digital Content <strong>|<\/strong> <strong><a href=\"mailto:p.molinos@highxtar.com\">p.molinos@highxtar.com<\/a><\/strong>\u00a0<\/p>\n\n\n\n<p><strong>Graciela Sarmiento <\/strong>&#8211;<strong>&nbsp;<\/strong>Brand Solutions <strong>|<\/strong> <a href=\"mailto:g.sarmiento@highxtar.com\"><strong>g.sarmiento@highxtar.com<\/strong><\/a><\/p>\n\n\n\n<p><strong>Marta Aguado <\/strong>&#8211; Brand Solutions <strong>|<\/strong> <a href=\"mailto:g.sarmiento@highxtar.com\"><strong>m.aguado@highxtar.co<\/strong><\/a><strong><a href=\"mailto:m.aguado@highxtar.com\">m<\/a><\/strong><\/p>\n\n\n\n<p><strong>Mar Piera<\/strong>&nbsp;&#8211; Editor &amp; Beauty Manager <strong>|<\/strong> <strong><a href=\"mailto:m.piera@highxtar.com\">m.piera@highxtar.com<\/a><\/strong><\/p>\n\n\n\n<p><strong>Laura P\u00e9rez <\/strong>&#8211;&nbsp;Editor <strong>|<\/strong> <strong><a href=\"mailto:l.perez@highxtar.com\">l.perez@highxtar.com<\/a><\/strong><\/p>\n\n\n\n<p><strong>Sagrario de Manueles<\/strong>&nbsp;&#8211; Editor&nbsp;<strong>| <a href=\"mailto:s.demanueles@highxtar.com\">s.demanueles@highxtar.com<\/a><\/strong><\/p>\n\n\n\n<p><strong>Alejandro Ventura <\/strong>&#8211; Editor <strong>| <a href=\"mailto:a.ventura@highxtar.com\">a.ventura@highxtar.com<\/a><\/strong><\/p>\n\n\n\n<p>&#8211;<\/p>\n\n\n\n<p id=\"block-eb18384a-b4eb-44ea-8242-9450b1794486\"><strong>Creative Director &#8211; <\/strong>Luis Rodr\u00edguez &nbsp;<strong>|<\/strong> <a href=\"mailto:lrodriguez@spainmedia.es\"><strong>lrodriguez@spainmedia.es<\/strong><\/a><\/p>\n\n\n\n<p id=\"block-5771909d-3f5c-4018-8bdf-9e1ea78a629f\"><strong>Graphic Designers &#8211; <\/strong>Leonardo Berbes\u00ed, Silvia Garc\u00eda y Edson Far\u00ed.<\/p>\n\n\n\n<p id=\"block-b86676dc-6a44-4011-8a44-8e4e2b3919d2\"><strong>Video &#8211; <\/strong>Jorge. Tudanca &nbsp;<strong>|<\/strong> <strong><a href=\"mailto:jtudanca@spainmedia.es\">jtudanca@spainmedia.es<\/a><\/strong><\/p>\n\n\n\n<p id=\"block-ac0e1d27-93a9-4f02-b53d-e7da1e0dab12\"><strong>Art Director &#8211;<\/strong> n.ZO ESTUDIO &nbsp;<strong>|<\/strong> <a href=\"mailto:hola@nzoestudio.com\"><strong>hola@nzoestudio.com<\/strong><\/a><\/p>\n\n\n\n<p id=\"block-10af7c40-8b8b-4faf-8d3a-16ccb0a2c603\"><strong>Chief Digital Officer &#8211; <\/strong>Ismael S\u00e1nchez &nbsp;<strong>|<\/strong> <strong><a href=\"mailto:isanchez@spainmedia.es\">isanchez@spainmedia.es<\/a><\/strong><\/p>\n\n\n\n<p id=\"block-78dc0ccd-a963-4308-8bd5-c127fb6a14eb\"><strong>CFO &#8211;<\/strong> Gloria Plaza&nbsp;<strong>|<\/strong> <strong><a href=\"mailto:gplaza@spainmedia.es\">gplaza@spainmedia.es<\/a><\/strong><\/p>\n\n\n\n<p id=\"block-b00df797-6a24-48d2-b941-b2755cbe321e\"><strong>Accounting &#8211;<\/strong> Rosa Mora, Mar\u00eda Montenegro y Gemma Quesada.<\/p>\n\n\n\n<div style=\"height:30px\" aria-hidden=\"true\" class=\"wp-block-spacer\"><\/div>\n\n\n\n<div class=\"wp-block-group\"><div class=\"wp-block-group__inner-container is-layout-constrained wp-block-group-is-layout-constrained\">\n<h2 class=\"wp-block-heading has-text-align-left has-large-font-size\" id=\"h-company\">Company:<\/h2>\n\n\n\n<div class=\"wp-block-columns is-layout-flex wp-container-core-columns-is-layout-9d6595d7 wp-block-columns-is-layout-flex\">\n<div class=\"wp-block-column is-layout-flow wp-block-column-is-layout-flow\">\n<h3 class=\"wp-block-heading\" id=\"h-contact\">Contact<\/h3>\n\n\n\n<p><strong><a href=\"mailto:hello@highxtar.com\">hello@highxtar.com<\/a><\/strong><\/p>\n\n\n\n<h3 class=\"wp-block-heading\" id=\"h-submit\">Submit<\/h3>\n\n\n\n<p><strong><a href=\"mailto:submit@highxtar.com\">submit@highxtar.com<\/a><\/strong><\/p>\n\n\n\n<h3 class=\"wp-block-heading\" id=\"h-collabs\">Collabs<\/h3>\n\n\n\n<p><strong><a href=\"mailto:collabs@highxtar.com\">collabs@highxtar.com<\/a><\/strong><\/p>\n<\/div>\n\n\n\n<div class=\"wp-block-column is-layout-flow wp-block-column-is-layout-flow\">\n<h3 class=\"wp-block-heading\" id=\"h-advertising\">Advertising<\/h3>\n\n\n\n<p><a href=\"mailto:g.sarmiento@highxtar.com\"><strong>g.sarmiento@highxtar.com<\/strong><\/a><\/p>\n\n\n\n<p><a href=\"mailto:g.sarmiento@highxtar.com\"><strong>m.aguado@highxtar.co<\/strong><\/a><strong><a href=\"mailto:m.aguado@highxtar.com\">m<\/a><\/strong><\/p>\n\n\n\n<h3 class=\"wp-block-heading\" id=\"h-online-shop\">Online Shop<\/h3>\n\n\n\n<p><strong><a href=\"mailto:store@highxtar.com\">store@highxtar.com<\/a><\/strong><\/p>\n\n\n\n<h3 class=\"wp-block-heading\" id=\"h-jobs\">Jobs<\/h3>\n\n\n\n<p><strong><a href=\"mailto:jobs@highxtar.com\">jobs@highxtar.com<\/a><\/strong><\/p>\n<\/div>\n<\/div>\n<\/div><\/div>\n\n\n\n<hr class=\"wp-block-separator has-text-color has-blanco-color has-alpha-channel-opacity has-blanco-background-color has-background\"\/>\n","protected":false},"excerpt":{"rendered":"<p>Since our launch in 2017, we at HIGHXTAR. have been at the forefront of youth culture. From the proliferation of streetwear to its infiltration into luxury, we&#8217;ve witnessed traditional boundaries collapse giving rise to new narratives. Today, we not only talk about youth culture, but we shape it through highxtar.com. We are drawn to the [&hellip;]<\/p>\n","protected":false},"author":1,"featured_media":33878,"parent":0,"menu_order":0,"comment_status":"closed","ping_status":"closed","template":"","meta":{"_acf_changed":false,"footnotes":""},"class_list":["post-8409","page","type-page","status-publish","has-post-thumbnail","hentry"],"acf":[],"yoast_head":"<!-- This site is optimized with the Yoast SEO Premium plugin  - https:\/\/yoast.com\/product\/yoast-seo-premium-wordpress\/ -->\n<title>About HIGHXTAR. - HIGHXTAR.<\/title>\n<meta name=\"description\" content=\"HIGHXTAR. is an online blog | magazine devoted to the products that make contemporary urban life exciting.\" \/>\n<meta name=\"robots\" content=\"index, follow, max-snippet:-1, max-image-preview:large, max-video-preview:-1\" \/>\n<link rel=\"canonical\" href=\"https:\/\/highxtar.com\/en\/about\/\" \/>\n<meta property=\"og:locale\" content=\"en_US\" \/>\n<meta property=\"og:type\" content=\"article\" \/>\n<meta property=\"og:title\" content=\"About HIGHXTAR.\" \/>\n<meta property=\"og:description\" content=\"HIGHXTAR. is an online blog | magazine devoted to the products that make contemporary urban life exciting.\" \/>\n<meta property=\"og:url\" content=\"https:\/\/highxtar.com\/en\/about\/\" \/>\n<meta property=\"og:site_name\" content=\"HIGHXTAR.\" \/>\n<meta property=\"article:publisher\" content=\"https:\/\/www.facebook.com\/highxtar\" \/>\n<meta property=\"article:modified_time\" content=\"2026-01-19T11:38:53+00:00\" \/>\n<meta property=\"og:image\" content=\"https:\/\/highxtar.com\/wp-content\/uploads\/2016\/02\/Feat_Highxtar.png\" \/>\n\t<meta property=\"og:image:width\" content=\"1808\" \/>\n\t<meta property=\"og:image:height\" content=\"1018\" \/>\n\t<meta property=\"og:image:type\" content=\"image\/png\" \/>\n<meta name=\"twitter:card\" content=\"summary_large_image\" \/>\n<meta name=\"twitter:site\" content=\"@highxtar_\" \/>\n<meta name=\"twitter:label1\" content=\"Est. reading time\" \/>\n\t<meta name=\"twitter:data1\" content=\"2 minutes\" \/>\n<script type=\"application\/ld+json\" class=\"yoast-schema-graph\">{\"@context\":\"https:\/\/schema.org\",\"@graph\":[{\"@type\":\"WebPage\",\"@id\":\"https:\/\/highxtar.com\/en\/about\/\",\"url\":\"https:\/\/highxtar.com\/en\/about\/\",\"name\":\"About HIGHXTAR. - HIGHXTAR.\",\"isPartOf\":{\"@id\":\"https:\/\/highxtar.com\/#website\"},\"primaryImageOfPage\":{\"@id\":\"https:\/\/highxtar.com\/en\/about\/#primaryimage\"},\"image\":{\"@id\":\"https:\/\/highxtar.com\/en\/about\/#primaryimage\"},\"thumbnailUrl\":\"https:\/\/highxtar.com\/wp-content\/uploads\/2016\/02\/Thumb_Contact.jpg\",\"datePublished\":\"2016-02-24T15:30:40+00:00\",\"dateModified\":\"2026-01-19T11:38:53+00:00\",\"description\":\"HIGHXTAR. is an online blog | magazine devoted to the products that make contemporary urban life exciting.\",\"breadcrumb\":{\"@id\":\"https:\/\/highxtar.com\/en\/about\/#breadcrumb\"},\"inLanguage\":\"en-US\",\"potentialAction\":[{\"@type\":\"ReadAction\",\"target\":[\"https:\/\/highxtar.com\/en\/about\/\"]}]},{\"@type\":\"ImageObject\",\"inLanguage\":\"en-US\",\"@id\":\"https:\/\/highxtar.com\/en\/about\/#primaryimage\",\"url\":\"https:\/\/highxtar.com\/wp-content\/uploads\/2016\/02\/Thumb_Contact.jpg\",\"contentUrl\":\"https:\/\/highxtar.com\/wp-content\/uploads\/2016\/02\/Thumb_Contact.jpg\",\"width\":800,\"height\":600},{\"@type\":\"BreadcrumbList\",\"@id\":\"https:\/\/highxtar.com\/en\/about\/#breadcrumb\",\"itemListElement\":[{\"@type\":\"ListItem\",\"position\":1,\"name\":\"Home\",\"item\":\"https:\/\/highxtar.com\/en\/\"},{\"@type\":\"ListItem\",\"position\":2,\"name\":\"About HIGHXTAR.\"}]},{\"@type\":\"WebSite\",\"@id\":\"https:\/\/highxtar.com\/#website\",\"url\":\"https:\/\/highxtar.com\/\",\"name\":\"HIGHXTAR.\",\"description\":\"HIGHXTAR. es la voz latina de la moda y el streetwear. Devotos de las cosas que hacen la vida urbana excitante: Moda, M\u00fasica, Lifestyle, Arte &amp; Dise\u00f1o.\",\"publisher\":{\"@id\":\"https:\/\/highxtar.com\/#organization\"},\"potentialAction\":[{\"@type\":\"SearchAction\",\"target\":{\"@type\":\"EntryPoint\",\"urlTemplate\":\"https:\/\/highxtar.com\/?s={search_term_string}\"},\"query-input\":{\"@type\":\"PropertyValueSpecification\",\"valueRequired\":true,\"valueName\":\"search_term_string\"}}],\"inLanguage\":\"en-US\"},{\"@type\":\"Organization\",\"@id\":\"https:\/\/highxtar.com\/#organization\",\"name\":\"HIGHXTAR.\",\"url\":\"https:\/\/highxtar.com\/\",\"logo\":{\"@type\":\"ImageObject\",\"inLanguage\":\"en-US\",\"@id\":\"https:\/\/highxtar.com\/#\/schema\/logo\/image\/\",\"url\":\"https:\/\/highxtar.com\/wp-content\/uploads\/2016\/03\/HIGHXTAR_com_Favicon_2019.jpg\",\"contentUrl\":\"https:\/\/highxtar.com\/wp-content\/uploads\/2016\/03\/HIGHXTAR_com_Favicon_2019.jpg\",\"width\":1200,\"height\":1200,\"caption\":\"HIGHXTAR.\"},\"image\":{\"@id\":\"https:\/\/highxtar.com\/#\/schema\/logo\/image\/\"},\"sameAs\":[\"https:\/\/www.facebook.com\/highxtar\",\"https:\/\/x.com\/highxtar_\",\"https:\/\/www.instagram.com\/highxtar\",\"https:\/\/www.tiktok.com\/@highxtar\",\"https:\/\/www.youtube.com\/c\/highxtarofficial\",\"https:\/\/open.spotify.com\/user\/highxtar\"]}]}<\/script>\n<!-- \/ Yoast SEO Premium plugin. -->","yoast_head_json":{"title":"About HIGHXTAR. - HIGHXTAR.","description":"HIGHXTAR. is an online blog | magazine devoted to the products that make contemporary urban life exciting.","robots":{"index":"index","follow":"follow","max-snippet":"max-snippet:-1","max-image-preview":"max-image-preview:large","max-video-preview":"max-video-preview:-1"},"canonical":"https:\/\/highxtar.com\/en\/about\/","og_locale":"en_US","og_type":"article","og_title":"About HIGHXTAR.","og_description":"HIGHXTAR. is an online blog | magazine devoted to the products that make contemporary urban life exciting.","og_url":"https:\/\/highxtar.com\/en\/about\/","og_site_name":"HIGHXTAR.","article_publisher":"https:\/\/www.facebook.com\/highxtar","article_modified_time":"2026-01-19T11:38:53+00:00","og_image":[{"width":1808,"height":1018,"url":"https:\/\/highxtar.com\/wp-content\/uploads\/2016\/02\/Feat_Highxtar.png","type":"image\/png"}],"twitter_card":"summary_large_image","twitter_site":"@highxtar_","twitter_misc":{"Est. reading time":"2 minutes"},"schema":{"@context":"https:\/\/schema.org","@graph":[{"@type":"WebPage","@id":"https:\/\/highxtar.com\/en\/about\/","url":"https:\/\/highxtar.com\/en\/about\/","name":"About HIGHXTAR. - HIGHXTAR.","isPartOf":{"@id":"https:\/\/highxtar.com\/#website"},"primaryImageOfPage":{"@id":"https:\/\/highxtar.com\/en\/about\/#primaryimage"},"image":{"@id":"https:\/\/highxtar.com\/en\/about\/#primaryimage"},"thumbnailUrl":"https:\/\/highxtar.com\/wp-content\/uploads\/2016\/02\/Thumb_Contact.jpg","datePublished":"2016-02-24T15:30:40+00:00","dateModified":"2026-01-19T11:38:53+00:00","description":"HIGHXTAR. is an online blog | magazine devoted to the products that make contemporary urban life exciting.","breadcrumb":{"@id":"https:\/\/highxtar.com\/en\/about\/#breadcrumb"},"inLanguage":"en-US","potentialAction":[{"@type":"ReadAction","target":["https:\/\/highxtar.com\/en\/about\/"]}]},{"@type":"ImageObject","inLanguage":"en-US","@id":"https:\/\/highxtar.com\/en\/about\/#primaryimage","url":"https:\/\/highxtar.com\/wp-content\/uploads\/2016\/02\/Thumb_Contact.jpg","contentUrl":"https:\/\/highxtar.com\/wp-content\/uploads\/2016\/02\/Thumb_Contact.jpg","width":800,"height":600},{"@type":"BreadcrumbList","@id":"https:\/\/highxtar.com\/en\/about\/#breadcrumb","itemListElement":[{"@type":"ListItem","position":1,"name":"Home","item":"https:\/\/highxtar.com\/en\/"},{"@type":"ListItem","position":2,"name":"About HIGHXTAR."}]},{"@type":"WebSite","@id":"https:\/\/highxtar.com\/#website","url":"https:\/\/highxtar.com\/","name":"HIGHXTAR.","description":"HIGHXTAR. es la voz latina de la moda y el streetwear. Devotos de las cosas que hacen la vida urbana excitante: Moda, M\u00fasica, Lifestyle, Arte &amp; Dise\u00f1o.","publisher":{"@id":"https:\/\/highxtar.com\/#organization"},"potentialAction":[{"@type":"SearchAction","target":{"@type":"EntryPoint","urlTemplate":"https:\/\/highxtar.com\/?s={search_term_string}"},"query-input":{"@type":"PropertyValueSpecification","valueRequired":true,"valueName":"search_term_string"}}],"inLanguage":"en-US"},{"@type":"Organization","@id":"https:\/\/highxtar.com\/#organization","name":"HIGHXTAR.","url":"https:\/\/highxtar.com\/","logo":{"@type":"ImageObject","inLanguage":"en-US","@id":"https:\/\/highxtar.com\/#\/schema\/logo\/image\/","url":"https:\/\/highxtar.com\/wp-content\/uploads\/2016\/03\/HIGHXTAR_com_Favicon_2019.jpg","contentUrl":"https:\/\/highxtar.com\/wp-content\/uploads\/2016\/03\/HIGHXTAR_com_Favicon_2019.jpg","width":1200,"height":1200,"caption":"HIGHXTAR."},"image":{"@id":"https:\/\/highxtar.com\/#\/schema\/logo\/image\/"},"sameAs":["https:\/\/www.facebook.com\/highxtar","https:\/\/x.com\/highxtar_","https:\/\/www.instagram.com\/highxtar","https:\/\/www.tiktok.com\/@highxtar","https:\/\/www.youtube.com\/c\/highxtarofficial","https:\/\/open.spotify.com\/user\/highxtar"]}]}},"_links":{"self":[{"href":"https:\/\/highxtar.com\/en\/wp-json\/wp\/v2\/pages\/8409","targetHints":{"allow":["GET"]}}],"collection":[{"href":"https:\/\/highxtar.com\/en\/wp-json\/wp\/v2\/pages"}],"about":[{"href":"https:\/\/highxtar.com\/en\/wp-json\/wp\/v2\/types\/page"}],"author":[{"embeddable":true,"href":"https:\/\/highxtar.com\/en\/wp-json\/wp\/v2\/users\/1"}],"replies":[{"embeddable":true,"href":"https:\/\/highxtar.com\/en\/wp-json\/wp\/v2\/comments?post=8409"}],"version-history":[{"count":1,"href":"https:\/\/highxtar.com\/en\/wp-json\/wp\/v2\/pages\/8409\/revisions"}],"predecessor-version":[{"id":564576,"href":"https:\/\/highxtar.com\/en\/wp-json\/wp\/v2\/pages\/8409\/revisions\/564576"}],"wp:featuredmedia":[{"embeddable":true,"href":"https:\/\/highxtar.com\/en\/wp-json\/wp\/v2\/media\/33878"}],"wp:attachment":[{"href":"https:\/\/highxtar.com\/en\/wp-json\/wp\/v2\/media?parent=8409"}],"curies":[{"name":"wp","href":"https:\/\/api.w.org\/{rel}","templated":true}]}}