{"id":533979,"date":"2025-09-23T11:10:22","date_gmt":"2025-09-23T09:10:22","guid":{"rendered":"https:\/\/highxtar.com\/?page_id=533979"},"modified":"2025-09-23T12:04:37","modified_gmt":"2025-09-23T10:04:37","slug":"newsletter","status":"publish","type":"page","link":"https:\/\/highxtar.com\/pt-pt\/newsletter\/","title":{"rendered":"Newsletter"},"content":{"rendered":"\n<figure class=\"wp-block-image alignfull size-full\"><img decoding=\"async\" width=\"3000\" height=\"1040\" src=\"https:\/\/highxtar.com\/wp-content\/uploads\/2023\/05\/jaquemus-header-newsletter-adapted.jpg\" alt=\"\" class=\"wp-image-363617\" srcset=\"https:\/\/highxtar.com\/wp-content\/uploads\/2023\/05\/jaquemus-header-newsletter-adapted.jpg 3000w, https:\/\/highxtar.com\/wp-content\/uploads\/2023\/05\/jaquemus-header-newsletter-adapted-300x104.jpg 300w, https:\/\/highxtar.com\/wp-content\/uploads\/2023\/05\/jaquemus-header-newsletter-adapted-1024x355.jpg 1024w, https:\/\/highxtar.com\/wp-content\/uploads\/2023\/05\/jaquemus-header-newsletter-adapted-768x266.jpg 768w, https:\/\/highxtar.com\/wp-content\/uploads\/2023\/05\/jaquemus-header-newsletter-adapted-1536x532.jpg 1536w, https:\/\/highxtar.com\/wp-content\/uploads\/2023\/05\/jaquemus-header-newsletter-adapted-2048x710.jpg 2048w, https:\/\/highxtar.com\/wp-content\/uploads\/2023\/05\/jaquemus-header-newsletter-adapted-1440x499.jpg 1440w, https:\/\/highxtar.com\/wp-content\/uploads\/2023\/05\/jaquemus-header-newsletter-adapted-973x337.jpg 973w, https:\/\/highxtar.com\/wp-content\/uploads\/2023\/05\/jaquemus-header-newsletter-adapted-700x243.jpg 700w, https:\/\/highxtar.com\/wp-content\/uploads\/2023\/05\/jaquemus-header-newsletter-adapted-508x176.jpg 508w\" sizes=\"(max-width: 3000px) 100vw, 3000px\" \/><\/figure>\n\n\n\n<h1 class=\"wp-block-heading has-text-align-center\" id=\"h-inscreve-te-na-nossa-newsletter\"><strong>INSCREVE-TE NA NOSSA NEWSLETTER<\/strong><\/h1>\n\n\n\n<p class=\"has-text-align-center\">N\u00e3o percas o melhor da moda, street style, beleza ou m\u00fasica. \u00c9 f\u00e1cil, subscreve!<\/p>\n\n\n\n<div align=\"center\"><script type=\"text\/javascript\" src=\"https:\/\/api.clientify.net\/web-marketing\/webforms\/script\/128209.js\"><\/script><\/div>\n\n\n\n<p><\/p>\n","protected":false},"excerpt":{"rendered":"<p>INSCREVE-TE NA NOSSA NEWSLETTER N\u00e3o percas o melhor da moda, street style, beleza ou m\u00fasica. \u00c9 f\u00e1cil, subscreve!<\/p>\n","protected":false},"author":50,"featured_media":0,"parent":0,"menu_order":0,"comment_status":"closed","ping_status":"closed","template":"","meta":{"_acf_changed":false,"footnotes":""},"class_list":["post-533979","page","type-page","status-publish","hentry"],"acf":[],"yoast_head":"<!-- This site is optimized with the Yoast SEO Premium plugin  - https:\/\/yoast.com\/product\/yoast-seo-premium-wordpress\/ -->\n<title>Newsletter - HIGHXTAR.<\/title>\n<meta name=\"description\" content=\"Inscreve-te na nossa newsletter e n\u00e3o percas nada do que te contamos no HIGHXTAR.com \u2013 Moda, M\u00fasica, Lifestyle\u2026\" \/>\n<meta name=\"robots\" content=\"index, follow, max-snippet:-1, max-image-preview:large, max-video-preview:-1\" \/>\n<link rel=\"canonical\" href=\"https:\/\/highxtar.com\/pt-pt\/newsletter\/\" \/>\n<meta property=\"og:locale\" content=\"pt_PT\" \/>\n<meta property=\"og:type\" content=\"article\" \/>\n<meta property=\"og:title\" content=\"Newsletter\" \/>\n<meta property=\"og:description\" content=\"Inscreve-te na nossa newsletter e n\u00e3o percas nada do que te contamos no HIGHXTAR.com \u2013 Moda, M\u00fasica, Lifestyle\u2026\" \/>\n<meta property=\"og:url\" content=\"https:\/\/highxtar.com\/pt-pt\/newsletter\/\" \/>\n<meta property=\"og:site_name\" content=\"HIGHXTAR.\" \/>\n<meta property=\"article:publisher\" content=\"https:\/\/www.facebook.com\/highxtar\" \/>\n<meta property=\"article:modified_time\" content=\"2025-09-23T10:04:37+00:00\" \/>\n<meta property=\"og:image\" content=\"https:\/\/highxtar.com\/wp-content\/uploads\/2023\/05\/jaquemus-header-newsletter-adapted.jpg\" \/>\n\t<meta property=\"og:image:width\" content=\"3000\" \/>\n\t<meta property=\"og:image:height\" content=\"1040\" \/>\n\t<meta property=\"og:image:type\" content=\"image\/jpeg\" \/>\n<meta name=\"twitter:card\" content=\"summary_large_image\" \/>\n<meta name=\"twitter:site\" content=\"@highxtar_\" \/>\n<meta name=\"twitter:label1\" content=\"Tempo estimado de leitura\" \/>\n\t<meta name=\"twitter:data1\" content=\"1 minuto\" \/>\n<script type=\"application\/ld+json\" class=\"yoast-schema-graph\">{\"@context\":\"https:\/\/schema.org\",\"@graph\":[{\"@type\":\"WebPage\",\"@id\":\"https:\/\/highxtar.com\/pt-pt\/newsletter\/\",\"url\":\"https:\/\/highxtar.com\/pt-pt\/newsletter\/\",\"name\":\"Newsletter - HIGHXTAR.\",\"isPartOf\":{\"@id\":\"https:\/\/highxtar.com\/#website\"},\"primaryImageOfPage\":{\"@id\":\"https:\/\/highxtar.com\/pt-pt\/newsletter\/#primaryimage\"},\"image\":{\"@id\":\"https:\/\/highxtar.com\/pt-pt\/newsletter\/#primaryimage\"},\"thumbnailUrl\":\"https:\/\/highxtar.com\/wp-content\/uploads\/2023\/05\/jaquemus-header-newsletter-adapted.jpg\",\"datePublished\":\"2025-09-23T09:10:22+00:00\",\"dateModified\":\"2025-09-23T10:04:37+00:00\",\"description\":\"Inscreve-te na nossa newsletter e n\u00e3o percas nada do que te contamos no HIGHXTAR.com \u2013 Moda, M\u00fasica, Lifestyle\u2026\",\"breadcrumb\":{\"@id\":\"https:\/\/highxtar.com\/pt-pt\/newsletter\/#breadcrumb\"},\"inLanguage\":\"pt-PT\",\"potentialAction\":[{\"@type\":\"ReadAction\",\"target\":[\"https:\/\/highxtar.com\/pt-pt\/newsletter\/\"]}]},{\"@type\":\"ImageObject\",\"inLanguage\":\"pt-PT\",\"@id\":\"https:\/\/highxtar.com\/pt-pt\/newsletter\/#primaryimage\",\"url\":\"https:\/\/highxtar.com\/wp-content\/uploads\/2023\/05\/jaquemus-header-newsletter-adapted.jpg\",\"contentUrl\":\"https:\/\/highxtar.com\/wp-content\/uploads\/2023\/05\/jaquemus-header-newsletter-adapted.jpg\"},{\"@type\":\"BreadcrumbList\",\"@id\":\"https:\/\/highxtar.com\/pt-pt\/newsletter\/#breadcrumb\",\"itemListElement\":[{\"@type\":\"ListItem\",\"position\":1,\"name\":\"Home\",\"item\":\"https:\/\/highxtar.com\/pt-pt\/\"},{\"@type\":\"ListItem\",\"position\":2,\"name\":\"Newsletter\"}]},{\"@type\":\"WebSite\",\"@id\":\"https:\/\/highxtar.com\/#website\",\"url\":\"https:\/\/highxtar.com\/\",\"name\":\"HIGHXTAR.\",\"description\":\"HIGHXTAR. es la voz latina de la moda y el streetwear. Devotos de las cosas que hacen la vida urbana excitante: Moda, M\u00fasica, Lifestyle, Arte &amp; Dise\u00f1o.\",\"publisher\":{\"@id\":\"https:\/\/highxtar.com\/#organization\"},\"potentialAction\":[{\"@type\":\"SearchAction\",\"target\":{\"@type\":\"EntryPoint\",\"urlTemplate\":\"https:\/\/highxtar.com\/?s={search_term_string}\"},\"query-input\":{\"@type\":\"PropertyValueSpecification\",\"valueRequired\":true,\"valueName\":\"search_term_string\"}}],\"inLanguage\":\"pt-PT\"},{\"@type\":\"Organization\",\"@id\":\"https:\/\/highxtar.com\/#organization\",\"name\":\"HIGHXTAR.\",\"url\":\"https:\/\/highxtar.com\/\",\"logo\":{\"@type\":\"ImageObject\",\"inLanguage\":\"pt-PT\",\"@id\":\"https:\/\/highxtar.com\/#\/schema\/logo\/image\/\",\"url\":\"https:\/\/highxtar.com\/wp-content\/uploads\/2016\/03\/HIGHXTAR_com_Favicon_2019.jpg\",\"contentUrl\":\"https:\/\/highxtar.com\/wp-content\/uploads\/2016\/03\/HIGHXTAR_com_Favicon_2019.jpg\",\"width\":1200,\"height\":1200,\"caption\":\"HIGHXTAR.\"},\"image\":{\"@id\":\"https:\/\/highxtar.com\/#\/schema\/logo\/image\/\"},\"sameAs\":[\"https:\/\/www.facebook.com\/highxtar\",\"https:\/\/x.com\/highxtar_\",\"https:\/\/www.instagram.com\/highxtar\",\"https:\/\/www.tiktok.com\/@highxtar\",\"https:\/\/www.youtube.com\/c\/highxtarofficial\",\"https:\/\/open.spotify.com\/user\/highxtar\"]}]}<\/script>\n<!-- \/ Yoast SEO Premium plugin. -->","yoast_head_json":{"title":"Newsletter - HIGHXTAR.","description":"Inscreve-te na nossa newsletter e n\u00e3o percas nada do que te contamos no HIGHXTAR.com \u2013 Moda, M\u00fasica, Lifestyle\u2026","robots":{"index":"index","follow":"follow","max-snippet":"max-snippet:-1","max-image-preview":"max-image-preview:large","max-video-preview":"max-video-preview:-1"},"canonical":"https:\/\/highxtar.com\/pt-pt\/newsletter\/","og_locale":"pt_PT","og_type":"article","og_title":"Newsletter","og_description":"Inscreve-te na nossa newsletter e n\u00e3o percas nada do que te contamos no HIGHXTAR.com \u2013 Moda, M\u00fasica, Lifestyle\u2026","og_url":"https:\/\/highxtar.com\/pt-pt\/newsletter\/","og_site_name":"HIGHXTAR.","article_publisher":"https:\/\/www.facebook.com\/highxtar","article_modified_time":"2025-09-23T10:04:37+00:00","og_image":[{"width":3000,"height":1040,"url":"https:\/\/highxtar.com\/wp-content\/uploads\/2023\/05\/jaquemus-header-newsletter-adapted.jpg","type":"image\/jpeg"}],"twitter_card":"summary_large_image","twitter_site":"@highxtar_","twitter_misc":{"Tempo estimado de leitura":"1 minuto"},"schema":{"@context":"https:\/\/schema.org","@graph":[{"@type":"WebPage","@id":"https:\/\/highxtar.com\/pt-pt\/newsletter\/","url":"https:\/\/highxtar.com\/pt-pt\/newsletter\/","name":"Newsletter - HIGHXTAR.","isPartOf":{"@id":"https:\/\/highxtar.com\/#website"},"primaryImageOfPage":{"@id":"https:\/\/highxtar.com\/pt-pt\/newsletter\/#primaryimage"},"image":{"@id":"https:\/\/highxtar.com\/pt-pt\/newsletter\/#primaryimage"},"thumbnailUrl":"https:\/\/highxtar.com\/wp-content\/uploads\/2023\/05\/jaquemus-header-newsletter-adapted.jpg","datePublished":"2025-09-23T09:10:22+00:00","dateModified":"2025-09-23T10:04:37+00:00","description":"Inscreve-te na nossa newsletter e n\u00e3o percas nada do que te contamos no HIGHXTAR.com \u2013 Moda, M\u00fasica, Lifestyle\u2026","breadcrumb":{"@id":"https:\/\/highxtar.com\/pt-pt\/newsletter\/#breadcrumb"},"inLanguage":"pt-PT","potentialAction":[{"@type":"ReadAction","target":["https:\/\/highxtar.com\/pt-pt\/newsletter\/"]}]},{"@type":"ImageObject","inLanguage":"pt-PT","@id":"https:\/\/highxtar.com\/pt-pt\/newsletter\/#primaryimage","url":"https:\/\/highxtar.com\/wp-content\/uploads\/2023\/05\/jaquemus-header-newsletter-adapted.jpg","contentUrl":"https:\/\/highxtar.com\/wp-content\/uploads\/2023\/05\/jaquemus-header-newsletter-adapted.jpg"},{"@type":"BreadcrumbList","@id":"https:\/\/highxtar.com\/pt-pt\/newsletter\/#breadcrumb","itemListElement":[{"@type":"ListItem","position":1,"name":"Home","item":"https:\/\/highxtar.com\/pt-pt\/"},{"@type":"ListItem","position":2,"name":"Newsletter"}]},{"@type":"WebSite","@id":"https:\/\/highxtar.com\/#website","url":"https:\/\/highxtar.com\/","name":"HIGHXTAR.","description":"HIGHXTAR. es la voz latina de la moda y el streetwear. Devotos de las cosas que hacen la vida urbana excitante: Moda, M\u00fasica, Lifestyle, Arte &amp; Dise\u00f1o.","publisher":{"@id":"https:\/\/highxtar.com\/#organization"},"potentialAction":[{"@type":"SearchAction","target":{"@type":"EntryPoint","urlTemplate":"https:\/\/highxtar.com\/?s={search_term_string}"},"query-input":{"@type":"PropertyValueSpecification","valueRequired":true,"valueName":"search_term_string"}}],"inLanguage":"pt-PT"},{"@type":"Organization","@id":"https:\/\/highxtar.com\/#organization","name":"HIGHXTAR.","url":"https:\/\/highxtar.com\/","logo":{"@type":"ImageObject","inLanguage":"pt-PT","@id":"https:\/\/highxtar.com\/#\/schema\/logo\/image\/","url":"https:\/\/highxtar.com\/wp-content\/uploads\/2016\/03\/HIGHXTAR_com_Favicon_2019.jpg","contentUrl":"https:\/\/highxtar.com\/wp-content\/uploads\/2016\/03\/HIGHXTAR_com_Favicon_2019.jpg","width":1200,"height":1200,"caption":"HIGHXTAR."},"image":{"@id":"https:\/\/highxtar.com\/#\/schema\/logo\/image\/"},"sameAs":["https:\/\/www.facebook.com\/highxtar","https:\/\/x.com\/highxtar_","https:\/\/www.instagram.com\/highxtar","https:\/\/www.tiktok.com\/@highxtar","https:\/\/www.youtube.com\/c\/highxtarofficial","https:\/\/open.spotify.com\/user\/highxtar"]}]}},"_links":{"self":[{"href":"https:\/\/highxtar.com\/pt-pt\/wp-json\/wp\/v2\/pages\/533979","targetHints":{"allow":["GET"]}}],"collection":[{"href":"https:\/\/highxtar.com\/pt-pt\/wp-json\/wp\/v2\/pages"}],"about":[{"href":"https:\/\/highxtar.com\/pt-pt\/wp-json\/wp\/v2\/types\/page"}],"author":[{"embeddable":true,"href":"https:\/\/highxtar.com\/pt-pt\/wp-json\/wp\/v2\/users\/50"}],"replies":[{"embeddable":true,"href":"https:\/\/highxtar.com\/pt-pt\/wp-json\/wp\/v2\/comments?post=533979"}],"version-history":[{"count":2,"href":"https:\/\/highxtar.com\/pt-pt\/wp-json\/wp\/v2\/pages\/533979\/revisions"}],"predecessor-version":[{"id":534048,"href":"https:\/\/highxtar.com\/pt-pt\/wp-json\/wp\/v2\/pages\/533979\/revisions\/534048"}],"wp:attachment":[{"href":"https:\/\/highxtar.com\/pt-pt\/wp-json\/wp\/v2\/media?parent=533979"}],"curies":[{"name":"wp","href":"https:\/\/api.w.org\/{rel}","templated":true}]}}