{"id":533984,"date":"2025-09-23T11:19:01","date_gmt":"2025-09-23T09:19:01","guid":{"rendered":"https:\/\/highxtar.com\/?page_id=533984"},"modified":"2025-09-23T11:19:01","modified_gmt":"2025-09-23T09:19:01","slug":"sobre-a-highxtar","status":"publish","type":"page","link":"https:\/\/highxtar.com\/pt-pt\/sobre-a-highxtar\/","title":{"rendered":"Sobre a HIGHXTAR."},"content":{"rendered":"\n<p>Desde o nosso lan\u00e7amento em 2017, n\u00f3s da<strong> HIGHXTAR. temos estado na vanguarda da cultura jovem<\/strong>. Desde a prolifera\u00e7\u00e3o do streetwear at\u00e9 \u00e0 sua infiltra\u00e7\u00e3o no luxo, temos assistido ao colapso das fronteiras tradicionais, dando origem a<strong> novas narrativas<\/strong>. Hoje, n\u00e3o s\u00f3 falamos sobre a cultura jovem, como tamb\u00e9m a moldamos atrav\u00e9s do <a href=\"http:\/\/highxtar.com\/\" target=\"_blank\" rel=\"noreferrer noopener\">highxtar.com<\/a>.<\/p>\n\n\n\n<p>Somos atra\u00eddos pelas pessoas, ideias, lugares, produtos e marcas que moldam a vida da juventude de hoje, muitas vezes antes de chegarem ao mainstream.<\/p>\n\n\n\n<p><strong>Nunca foi t\u00e3o importante compreender e conectar-se com o p\u00fablico que \u00e9 respons\u00e1vel pelas mudan\u00e7as culturais atuais na perce\u00e7\u00e3o e desejabilidade.<\/strong><\/p>\n\n\n\n<p><strong>Bem-vindo ao nosso universo.<\/strong><\/p>\n\n\n\n<h2 class=\"wp-block-heading\" id=\"h-equipa\">EQUIPA:<\/h2>\n\n\n\n<p><strong>C\u00e9sar Castro<\/strong>&nbsp;&#8211; Founder \/ Director <strong>|<\/strong> <strong><a href=\"mailto:cesar@highxtar.com\">cesar@highxtar.com<\/a><\/strong><\/p>\n\n\n\n<p><strong>Paloma Molinos<\/strong>&nbsp;&#8211; Web Content Manager <strong>|<\/strong> <strong><a href=\"mailto:p.molinos@highxtar.com\">p.molinos@highxtar.com<\/a><\/strong>&nbsp;<\/p>\n\n\n\n<p><strong>Graciela Sarmiento <\/strong>&#8211;<strong>&nbsp;<\/strong>Brand Solutions <strong>|<\/strong> <a href=\"mailto:g.sarmiento@highxtar.com\"><strong>g.sarmiento@highxtar.com<\/strong><\/a><\/p>\n\n\n\n<p><strong>Marta Aguado <\/strong>&#8211; Brand Solutions <strong>|<\/strong> <a href=\"mailto:g.sarmiento@highxtar.com\"><strong>m.aguado@highxtar.co<\/strong><\/a><strong><a href=\"mailto:m.aguado@highxtar.com\">m<\/a><\/strong><\/p>\n\n\n\n<p><strong>Mar Piera<\/strong>&nbsp;&#8211; Editor &amp; Beauty Manager <strong>|<\/strong> <strong><a href=\"mailto:m.piera@highxtar.com\">m.piera@highxtar.com<\/a><\/strong><\/p>\n\n\n\n<p><strong>Laura P\u00e9rez <\/strong>&#8211;&nbsp;Editor <strong>|<\/strong> <strong><a href=\"mailto:l.perez@highxtar.com\">l.perez@highxtar.com<\/a><\/strong><\/p>\n\n\n\n<p><strong>Sagrario de Manueles<\/strong>&nbsp;&#8211; Editor&nbsp;<strong>| <a href=\"mailto:s.demanueles@highxtar.com\">s.demanueles@highxtar.com<\/a><\/strong><\/p>\n\n\n\n<p><strong>Alejandro Ventura <\/strong>&#8211; Editor <strong>| <a href=\"mailto:a.ventura@highxtar.com\">a.ventura@highxtar.com<\/a><\/strong><\/p>\n\n\n\n<p>&#8211;<\/p>\n\n\n\n<p id=\"block-eb18384a-b4eb-44ea-8242-9450b1794486\"><strong>Creative Director &#8211; <\/strong>Luis Rodr\u00edguez &nbsp;<strong>|<\/strong> <a href=\"mailto:lrodriguez@spainmedia.es\"><strong>lrodriguez@spainmedia.es<\/strong><\/a><\/p>\n\n\n\n<p id=\"block-5771909d-3f5c-4018-8bdf-9e1ea78a629f\"><strong>Graphic Designers &#8211; <\/strong>Leonardo Berbes\u00ed, Silvia Garc\u00eda y Edson Far\u00ed.<\/p>\n\n\n\n<p id=\"block-b86676dc-6a44-4011-8a44-8e4e2b3919d2\"><strong>Video &#8211; <\/strong>Jorge. Tudanca &nbsp;<strong>|<\/strong> <strong><a href=\"mailto:jtudanca@spainmedia.es\">jtudanca@spainmedia.es<\/a><\/strong><\/p>\n\n\n\n<p id=\"block-ac0e1d27-93a9-4f02-b53d-e7da1e0dab12\"><strong>Art Director &#8211;<\/strong> n.ZO ESTUDIO &nbsp;<strong>|<\/strong> <a href=\"mailto:hola@nzoestudio.com\"><strong>hola@nzoestudio.com<\/strong><\/a><\/p>\n\n\n\n<p id=\"block-10af7c40-8b8b-4faf-8d3a-16ccb0a2c603\"><strong>Chief Digital Officer &#8211; <\/strong>Ismael S\u00e1nchez &nbsp;<strong>|<\/strong> <strong><a href=\"mailto:isanchez@spainmedia.es\">isanchez@spainmedia.es<\/a><\/strong><\/p>\n\n\n\n<p id=\"block-78dc0ccd-a963-4308-8bd5-c127fb6a14eb\"><strong>CFO &#8211;<\/strong> Gloria Plaza&nbsp;<strong>|<\/strong> <strong><a href=\"mailto:gplaza@spainmedia.es\">gplaza@spainmedia.es<\/a><\/strong><\/p>\n\n\n\n<p id=\"block-b00df797-6a24-48d2-b941-b2755cbe321e\"><strong>Accounting &#8211;<\/strong> Rosa Mora, Mar\u00eda Montenegro y Gemma Quesada.<\/p>\n\n\n\n<h2 class=\"wp-block-heading has-text-align-left has-large-font-size\" id=\"h-empresa\">Empresa:<\/h2>\n\n\n\n<div class=\"wp-block-columns is-layout-flex wp-container-core-columns-is-layout-9d6595d7 wp-block-columns-is-layout-flex\">\n<div class=\"wp-block-column is-layout-flow wp-block-column-is-layout-flow\">\n<h3 class=\"wp-block-heading\" id=\"h-contacto\">Contacto<\/h3>\n\n\n\n<p><strong><a href=\"mailto:hello@highxtar.com\">hello@highxtar.com<\/a><\/strong><\/p>\n\n\n\n<h3 class=\"wp-block-heading\" id=\"h-submissoes\">Submiss\u00f5es<\/h3>\n\n\n\n<p><strong><a href=\"mailto:submit@highxtar.com\">submit@highxtar.com<\/a><\/strong><\/p>\n\n\n\n<h3 class=\"wp-block-heading\" id=\"h-colaboracoes\">Colabora\u00e7\u00f5es<\/h3>\n\n\n\n<p><strong><a href=\"mailto:collabs@highxtar.com\">collabs@highxtar.com<\/a><\/strong><\/p>\n<\/div>\n\n\n\n<div class=\"wp-block-column is-layout-flow wp-block-column-is-layout-flow\">\n<h3 class=\"wp-block-heading\" id=\"h-publicidade\">Publicidade<\/h3>\n\n\n\n<p><a href=\"mailto:g.sarmiento@highxtar.com\"><strong>g.sarmiento@highxtar.com<\/strong><\/a><\/p>\n\n\n\n<p><a href=\"mailto:g.sarmiento@highxtar.com\"><strong>m.aguado@highxtar.co<\/strong><\/a><strong><a href=\"mailto:m.aguado@highxtar.com\">m<\/a><\/strong><\/p>\n\n\n\n<h3 class=\"wp-block-heading\" id=\"h-loja-online\">Loja Online<\/h3>\n\n\n\n<p><strong><a href=\"mailto:store@highxtar.com\">store@highxtar.com<\/a><\/strong><\/p>\n\n\n\n<h3 class=\"wp-block-heading\" id=\"h-emprego\">Emprego<\/h3>\n\n\n\n<p><strong><a href=\"mailto:jobs@highxtar.com\">jobs@highxtar.com<\/a><\/strong><\/p>\n<\/div>\n<\/div>\n","protected":false},"excerpt":{"rendered":"<p>Desde o nosso lan\u00e7amento em 2017, n\u00f3s da HIGHXTAR. temos estado na vanguarda da cultura jovem. Desde a prolifera\u00e7\u00e3o do streetwear at\u00e9 \u00e0 sua infiltra\u00e7\u00e3o no luxo, temos assistido ao colapso das fronteiras tradicionais, dando origem a novas narrativas. Hoje, n\u00e3o s\u00f3 falamos sobre a cultura jovem, como tamb\u00e9m a moldamos atrav\u00e9s do highxtar.com. Somos [&hellip;]<\/p>\n","protected":false},"author":50,"featured_media":533988,"parent":0,"menu_order":0,"comment_status":"closed","ping_status":"closed","template":"","meta":{"_acf_changed":false,"footnotes":""},"class_list":["post-533984","page","type-page","status-publish","has-post-thumbnail","hentry"],"acf":[],"yoast_head":"<!-- This site is optimized with the Yoast SEO Premium plugin  - https:\/\/yoast.com\/product\/yoast-seo-premium-wordpress\/ -->\n<title>Sobre a HIGHXTAR. - HIGHXTAR.<\/title>\n<meta name=\"description\" content=\"HIGHXTAR. \u00e9 um blog | revista online dedicado aos produtos que tornam a vida urbana contempor\u00e2nea emocionante.\" \/>\n<meta name=\"robots\" content=\"index, follow, max-snippet:-1, max-image-preview:large, max-video-preview:-1\" \/>\n<link rel=\"canonical\" href=\"https:\/\/highxtar.com\/pt-pt\/sobre-a-highxtar\/\" \/>\n<meta property=\"og:locale\" content=\"pt_PT\" \/>\n<meta property=\"og:type\" content=\"article\" \/>\n<meta property=\"og:title\" content=\"Sobre a HIGHXTAR.\" \/>\n<meta property=\"og:description\" content=\"HIGHXTAR. \u00e9 um blog | revista online dedicado aos produtos que tornam a vida urbana contempor\u00e2nea emocionante.\" \/>\n<meta property=\"og:url\" content=\"https:\/\/highxtar.com\/pt-pt\/sobre-a-highxtar\/\" \/>\n<meta property=\"og:site_name\" content=\"HIGHXTAR.\" \/>\n<meta property=\"article:publisher\" content=\"https:\/\/www.facebook.com\/highxtar\" \/>\n<meta property=\"og:image\" content=\"https:\/\/highxtar.com\/wp-content\/uploads\/2016\/02\/Thumb_Contact.jpg\" \/>\n\t<meta property=\"og:image:width\" content=\"800\" \/>\n\t<meta property=\"og:image:height\" content=\"600\" \/>\n\t<meta property=\"og:image:type\" content=\"image\/jpeg\" \/>\n<meta name=\"twitter:card\" content=\"summary_large_image\" \/>\n<meta name=\"twitter:site\" content=\"@highxtar_\" \/>\n<meta name=\"twitter:label1\" content=\"Tempo estimado de leitura\" \/>\n\t<meta name=\"twitter:data1\" content=\"2 minutos\" \/>\n<script type=\"application\/ld+json\" class=\"yoast-schema-graph\">{\"@context\":\"https:\/\/schema.org\",\"@graph\":[{\"@type\":\"WebPage\",\"@id\":\"https:\/\/highxtar.com\/pt-pt\/sobre-a-highxtar\/\",\"url\":\"https:\/\/highxtar.com\/pt-pt\/sobre-a-highxtar\/\",\"name\":\"Sobre a HIGHXTAR. - HIGHXTAR.\",\"isPartOf\":{\"@id\":\"https:\/\/highxtar.com\/#website\"},\"primaryImageOfPage\":{\"@id\":\"https:\/\/highxtar.com\/pt-pt\/sobre-a-highxtar\/#primaryimage\"},\"image\":{\"@id\":\"https:\/\/highxtar.com\/pt-pt\/sobre-a-highxtar\/#primaryimage\"},\"thumbnailUrl\":\"https:\/\/highxtar.com\/wp-content\/uploads\/2016\/02\/Thumb_Contact.jpg\",\"datePublished\":\"2025-09-23T09:19:01+00:00\",\"description\":\"HIGHXTAR. \u00e9 um blog | revista online dedicado aos produtos que tornam a vida urbana contempor\u00e2nea emocionante.\",\"breadcrumb\":{\"@id\":\"https:\/\/highxtar.com\/pt-pt\/sobre-a-highxtar\/#breadcrumb\"},\"inLanguage\":\"pt-PT\",\"potentialAction\":[{\"@type\":\"ReadAction\",\"target\":[\"https:\/\/highxtar.com\/pt-pt\/sobre-a-highxtar\/\"]}]},{\"@type\":\"ImageObject\",\"inLanguage\":\"pt-PT\",\"@id\":\"https:\/\/highxtar.com\/pt-pt\/sobre-a-highxtar\/#primaryimage\",\"url\":\"https:\/\/highxtar.com\/wp-content\/uploads\/2016\/02\/Thumb_Contact.jpg\",\"contentUrl\":\"https:\/\/highxtar.com\/wp-content\/uploads\/2016\/02\/Thumb_Contact.jpg\",\"width\":800,\"height\":600},{\"@type\":\"BreadcrumbList\",\"@id\":\"https:\/\/highxtar.com\/pt-pt\/sobre-a-highxtar\/#breadcrumb\",\"itemListElement\":[{\"@type\":\"ListItem\",\"position\":1,\"name\":\"Home\",\"item\":\"https:\/\/highxtar.com\/pt-pt\/\"},{\"@type\":\"ListItem\",\"position\":2,\"name\":\"Sobre a HIGHXTAR.\"}]},{\"@type\":\"WebSite\",\"@id\":\"https:\/\/highxtar.com\/#website\",\"url\":\"https:\/\/highxtar.com\/\",\"name\":\"HIGHXTAR.\",\"description\":\"HIGHXTAR. es la voz latina de la moda y el streetwear. Devotos de las cosas que hacen la vida urbana excitante: Moda, M\u00fasica, Lifestyle, Arte &amp; Dise\u00f1o.\",\"publisher\":{\"@id\":\"https:\/\/highxtar.com\/#organization\"},\"potentialAction\":[{\"@type\":\"SearchAction\",\"target\":{\"@type\":\"EntryPoint\",\"urlTemplate\":\"https:\/\/highxtar.com\/?s={search_term_string}\"},\"query-input\":{\"@type\":\"PropertyValueSpecification\",\"valueRequired\":true,\"valueName\":\"search_term_string\"}}],\"inLanguage\":\"pt-PT\"},{\"@type\":\"Organization\",\"@id\":\"https:\/\/highxtar.com\/#organization\",\"name\":\"HIGHXTAR.\",\"url\":\"https:\/\/highxtar.com\/\",\"logo\":{\"@type\":\"ImageObject\",\"inLanguage\":\"pt-PT\",\"@id\":\"https:\/\/highxtar.com\/#\/schema\/logo\/image\/\",\"url\":\"https:\/\/highxtar.com\/wp-content\/uploads\/2016\/03\/HIGHXTAR_com_Favicon_2019.jpg\",\"contentUrl\":\"https:\/\/highxtar.com\/wp-content\/uploads\/2016\/03\/HIGHXTAR_com_Favicon_2019.jpg\",\"width\":1200,\"height\":1200,\"caption\":\"HIGHXTAR.\"},\"image\":{\"@id\":\"https:\/\/highxtar.com\/#\/schema\/logo\/image\/\"},\"sameAs\":[\"https:\/\/www.facebook.com\/highxtar\",\"https:\/\/x.com\/highxtar_\",\"https:\/\/www.instagram.com\/highxtar\",\"https:\/\/www.tiktok.com\/@highxtar\",\"https:\/\/www.youtube.com\/c\/highxtarofficial\",\"https:\/\/open.spotify.com\/user\/highxtar\"]}]}<\/script>\n<!-- \/ Yoast SEO Premium plugin. -->","yoast_head_json":{"title":"Sobre a HIGHXTAR. - HIGHXTAR.","description":"HIGHXTAR. \u00e9 um blog | revista online dedicado aos produtos que tornam a vida urbana contempor\u00e2nea emocionante.","robots":{"index":"index","follow":"follow","max-snippet":"max-snippet:-1","max-image-preview":"max-image-preview:large","max-video-preview":"max-video-preview:-1"},"canonical":"https:\/\/highxtar.com\/pt-pt\/sobre-a-highxtar\/","og_locale":"pt_PT","og_type":"article","og_title":"Sobre a HIGHXTAR.","og_description":"HIGHXTAR. \u00e9 um blog | revista online dedicado aos produtos que tornam a vida urbana contempor\u00e2nea emocionante.","og_url":"https:\/\/highxtar.com\/pt-pt\/sobre-a-highxtar\/","og_site_name":"HIGHXTAR.","article_publisher":"https:\/\/www.facebook.com\/highxtar","og_image":[{"width":800,"height":600,"url":"https:\/\/highxtar.com\/wp-content\/uploads\/2016\/02\/Thumb_Contact.jpg","type":"image\/jpeg"}],"twitter_card":"summary_large_image","twitter_site":"@highxtar_","twitter_misc":{"Tempo estimado de leitura":"2 minutos"},"schema":{"@context":"https:\/\/schema.org","@graph":[{"@type":"WebPage","@id":"https:\/\/highxtar.com\/pt-pt\/sobre-a-highxtar\/","url":"https:\/\/highxtar.com\/pt-pt\/sobre-a-highxtar\/","name":"Sobre a HIGHXTAR. - HIGHXTAR.","isPartOf":{"@id":"https:\/\/highxtar.com\/#website"},"primaryImageOfPage":{"@id":"https:\/\/highxtar.com\/pt-pt\/sobre-a-highxtar\/#primaryimage"},"image":{"@id":"https:\/\/highxtar.com\/pt-pt\/sobre-a-highxtar\/#primaryimage"},"thumbnailUrl":"https:\/\/highxtar.com\/wp-content\/uploads\/2016\/02\/Thumb_Contact.jpg","datePublished":"2025-09-23T09:19:01+00:00","description":"HIGHXTAR. \u00e9 um blog | revista online dedicado aos produtos que tornam a vida urbana contempor\u00e2nea emocionante.","breadcrumb":{"@id":"https:\/\/highxtar.com\/pt-pt\/sobre-a-highxtar\/#breadcrumb"},"inLanguage":"pt-PT","potentialAction":[{"@type":"ReadAction","target":["https:\/\/highxtar.com\/pt-pt\/sobre-a-highxtar\/"]}]},{"@type":"ImageObject","inLanguage":"pt-PT","@id":"https:\/\/highxtar.com\/pt-pt\/sobre-a-highxtar\/#primaryimage","url":"https:\/\/highxtar.com\/wp-content\/uploads\/2016\/02\/Thumb_Contact.jpg","contentUrl":"https:\/\/highxtar.com\/wp-content\/uploads\/2016\/02\/Thumb_Contact.jpg","width":800,"height":600},{"@type":"BreadcrumbList","@id":"https:\/\/highxtar.com\/pt-pt\/sobre-a-highxtar\/#breadcrumb","itemListElement":[{"@type":"ListItem","position":1,"name":"Home","item":"https:\/\/highxtar.com\/pt-pt\/"},{"@type":"ListItem","position":2,"name":"Sobre a HIGHXTAR."}]},{"@type":"WebSite","@id":"https:\/\/highxtar.com\/#website","url":"https:\/\/highxtar.com\/","name":"HIGHXTAR.","description":"HIGHXTAR. es la voz latina de la moda y el streetwear. Devotos de las cosas que hacen la vida urbana excitante: Moda, M\u00fasica, Lifestyle, Arte &amp; Dise\u00f1o.","publisher":{"@id":"https:\/\/highxtar.com\/#organization"},"potentialAction":[{"@type":"SearchAction","target":{"@type":"EntryPoint","urlTemplate":"https:\/\/highxtar.com\/?s={search_term_string}"},"query-input":{"@type":"PropertyValueSpecification","valueRequired":true,"valueName":"search_term_string"}}],"inLanguage":"pt-PT"},{"@type":"Organization","@id":"https:\/\/highxtar.com\/#organization","name":"HIGHXTAR.","url":"https:\/\/highxtar.com\/","logo":{"@type":"ImageObject","inLanguage":"pt-PT","@id":"https:\/\/highxtar.com\/#\/schema\/logo\/image\/","url":"https:\/\/highxtar.com\/wp-content\/uploads\/2016\/03\/HIGHXTAR_com_Favicon_2019.jpg","contentUrl":"https:\/\/highxtar.com\/wp-content\/uploads\/2016\/03\/HIGHXTAR_com_Favicon_2019.jpg","width":1200,"height":1200,"caption":"HIGHXTAR."},"image":{"@id":"https:\/\/highxtar.com\/#\/schema\/logo\/image\/"},"sameAs":["https:\/\/www.facebook.com\/highxtar","https:\/\/x.com\/highxtar_","https:\/\/www.instagram.com\/highxtar","https:\/\/www.tiktok.com\/@highxtar","https:\/\/www.youtube.com\/c\/highxtarofficial","https:\/\/open.spotify.com\/user\/highxtar"]}]}},"_links":{"self":[{"href":"https:\/\/highxtar.com\/pt-pt\/wp-json\/wp\/v2\/pages\/533984","targetHints":{"allow":["GET"]}}],"collection":[{"href":"https:\/\/highxtar.com\/pt-pt\/wp-json\/wp\/v2\/pages"}],"about":[{"href":"https:\/\/highxtar.com\/pt-pt\/wp-json\/wp\/v2\/types\/page"}],"author":[{"embeddable":true,"href":"https:\/\/highxtar.com\/pt-pt\/wp-json\/wp\/v2\/users\/50"}],"replies":[{"embeddable":true,"href":"https:\/\/highxtar.com\/pt-pt\/wp-json\/wp\/v2\/comments?post=533984"}],"version-history":[{"count":1,"href":"https:\/\/highxtar.com\/pt-pt\/wp-json\/wp\/v2\/pages\/533984\/revisions"}],"predecessor-version":[{"id":533990,"href":"https:\/\/highxtar.com\/pt-pt\/wp-json\/wp\/v2\/pages\/533984\/revisions\/533990"}],"wp:featuredmedia":[{"embeddable":true,"href":"https:\/\/highxtar.com\/pt-pt\/wp-json\/wp\/v2\/media\/533988"}],"wp:attachment":[{"href":"https:\/\/highxtar.com\/pt-pt\/wp-json\/wp\/v2\/media?parent=533984"}],"curies":[{"name":"wp","href":"https:\/\/api.w.org\/{rel}","templated":true}]}}