{"id":533991,"date":"2025-09-23T11:27:41","date_gmt":"2025-09-23T09:27:41","guid":{"rendered":"https:\/\/highxtar.com\/?page_id=533991"},"modified":"2025-09-23T12:02:07","modified_gmt":"2025-09-23T10:02:07","slug":"membership-login","status":"publish","type":"page","link":"https:\/\/highxtar.com\/pt-pt\/membership-login\/","title":{"rendered":"Aceder a HIGHXTAR.COM"},"content":{"rendered":"\n<div class=\"wp-block-group alignfull cabecera-login\"><div class=\"wp-block-group__inner-container is-layout-constrained wp-block-group-is-layout-constrained\">\n<div class=\"wp-block-columns is-layout-flex wp-container-core-columns-is-layout-9d6595d7 wp-block-columns-is-layout-flex\">\n<div class=\"wp-block-column is-layout-flow wp-block-column-is-layout-flow\">\n<figure class=\"wp-block-image size-full\"><img decoding=\"async\" width=\"720\" height=\"452\" src=\"https:\/\/highxtar.com\/wp-content\/uploads\/2023\/05\/Martina-Color.jpg\" alt=\"\" class=\"wp-image-363181\" srcset=\"https:\/\/highxtar.com\/wp-content\/uploads\/2023\/05\/Martina-Color.jpg 720w, https:\/\/highxtar.com\/wp-content\/uploads\/2023\/05\/Martina-Color-300x188.jpg 300w, https:\/\/highxtar.com\/wp-content\/uploads\/2023\/05\/Martina-Color-700x439.jpg 700w, https:\/\/highxtar.com\/wp-content\/uploads\/2023\/05\/Martina-Color-508x319.jpg 508w\" sizes=\"(max-width: 720px) 100vw, 720px\" \/><\/figure>\n\n\n\n<h2 class=\"wp-block-heading has-text-align-center\" id=\"h-junta-te-a-nos\"><a href=\"https:\/\/highxtar.com\/membership-join\/\">JUNTA-TE A N\u00d3S<\/a><\/h2>\n<\/div>\n\n\n\n<div class=\"wp-block-column is-layout-flow wp-block-column-is-layout-flow\">\n<figure class=\"wp-block-image size-full\"><img decoding=\"async\" width=\"720\" height=\"452\" src=\"https:\/\/highxtar.com\/wp-content\/uploads\/2023\/05\/Natalia-Color.jpg\" alt=\"\" class=\"wp-image-363183\" srcset=\"https:\/\/highxtar.com\/wp-content\/uploads\/2023\/05\/Natalia-Color.jpg 720w, https:\/\/highxtar.com\/wp-content\/uploads\/2023\/05\/Natalia-Color-300x188.jpg 300w, https:\/\/highxtar.com\/wp-content\/uploads\/2023\/05\/Natalia-Color-700x439.jpg 700w, https:\/\/highxtar.com\/wp-content\/uploads\/2023\/05\/Natalia-Color-508x319.jpg 508w\" sizes=\"(max-width: 720px) 100vw, 720px\" \/><\/figure>\n\n\n\n<h2 class=\"wp-block-heading has-text-align-center\" id=\"h-iniciar-sessao\">INICIAR SESS\u00c3O<\/h2>\n<\/div>\n<\/div>\n<\/div><\/div>\n\n\n\n<h1 class=\"wp-block-heading has-text-align-center\" id=\"h-aceder-a-highxtar-com\">Aceder a HIGHXTAR.COM<\/h1>\n\n\n\n<p class=\"has-text-align-center\">Inicia sess\u00e3o para aceder a todo o conte\u00fado exclusivo em <strong>highxtar.com<\/strong>.<\/p>\n\n\n<p>[swpm_login_form]<\/p>\n\n\n\n<p class=\"has-text-align-center\">Se estiveres a ter problemas com a tua conta, por favor contacta-nos em <a>support@highxtar.com<\/a>.<\/p>\n\n\n\n<p class=\"has-text-align-center\"><strong>N\u00c3O SOMOS UM MEIO DE COMUNICA\u00c7\u00c3O, SOMOS UMA COMUNIDADE.<\/strong><\/p>\n","protected":false},"excerpt":{"rendered":"<p>JUNTA-TE A N\u00d3S INICIAR SESS\u00c3O Aceder a HIGHXTAR.COM Inicia sess\u00e3o para aceder a todo o conte\u00fado exclusivo em highxtar.com. Se estiveres a ter problemas com a tua conta, por favor contacta-nos em support@highxtar.com. N\u00c3O SOMOS UM MEIO DE COMUNICA\u00c7\u00c3O, SOMOS UMA COMUNIDADE.<\/p>\n","protected":false},"author":50,"featured_media":533976,"parent":0,"menu_order":0,"comment_status":"closed","ping_status":"closed","template":"","meta":{"_acf_changed":false,"footnotes":""},"class_list":["post-533991","page","type-page","status-publish","has-post-thumbnail","hentry"],"acf":[],"yoast_head":"<!-- This site is optimized with the Yoast SEO Premium plugin  - https:\/\/yoast.com\/product\/yoast-seo-premium-wordpress\/ -->\n<title>Aceder a HIGHXTAR.COM - HIGHXTAR.<\/title>\n<meta name=\"description\" content=\"Inicia sess\u00e3o para aceder a todo o conte\u00fado exclusivo em highxtar.com.\" \/>\n<meta name=\"robots\" content=\"index, follow, max-snippet:-1, max-image-preview:large, max-video-preview:-1\" \/>\n<link rel=\"canonical\" href=\"https:\/\/highxtar.com\/pt-pt\/membership-login\/\" \/>\n<meta property=\"og:locale\" content=\"pt_PT\" \/>\n<meta property=\"og:type\" content=\"article\" \/>\n<meta property=\"og:title\" content=\"Aceder a HIGHXTAR.COM\" \/>\n<meta property=\"og:description\" content=\"Inicia sess\u00e3o para aceder a todo o conte\u00fado exclusivo em highxtar.com.\" \/>\n<meta property=\"og:url\" content=\"https:\/\/highxtar.com\/pt-pt\/membership-login\/\" \/>\n<meta property=\"og:site_name\" content=\"HIGHXTAR.\" \/>\n<meta property=\"article:publisher\" content=\"https:\/\/www.facebook.com\/highxtar\" \/>\n<meta property=\"article:modified_time\" content=\"2025-09-23T10:02:07+00:00\" \/>\n<meta property=\"og:image\" content=\"https:\/\/highxtar.com\/wp-content\/uploads\/2021\/10\/thumb-highxtar-fam.jpg\" \/>\n\t<meta property=\"og:image:width\" content=\"1600\" \/>\n\t<meta property=\"og:image:height\" content=\"1200\" \/>\n\t<meta property=\"og:image:type\" content=\"image\/jpeg\" \/>\n<meta name=\"twitter:card\" content=\"summary_large_image\" \/>\n<meta name=\"twitter:site\" content=\"@highxtar_\" \/>\n<meta name=\"twitter:label1\" content=\"Tempo estimado de leitura\" \/>\n\t<meta name=\"twitter:data1\" content=\"1 minuto\" \/>\n<script type=\"application\/ld+json\" class=\"yoast-schema-graph\">{\"@context\":\"https:\/\/schema.org\",\"@graph\":[{\"@type\":\"WebPage\",\"@id\":\"https:\/\/highxtar.com\/pt-pt\/membership-login\/\",\"url\":\"https:\/\/highxtar.com\/pt-pt\/membership-login\/\",\"name\":\"Aceder a HIGHXTAR.COM - HIGHXTAR.\",\"isPartOf\":{\"@id\":\"https:\/\/highxtar.com\/#website\"},\"primaryImageOfPage\":{\"@id\":\"https:\/\/highxtar.com\/pt-pt\/membership-login\/#primaryimage\"},\"image\":{\"@id\":\"https:\/\/highxtar.com\/pt-pt\/membership-login\/#primaryimage\"},\"thumbnailUrl\":\"https:\/\/highxtar.com\/wp-content\/uploads\/2021\/10\/thumb-highxtar-fam.jpg\",\"datePublished\":\"2025-09-23T09:27:41+00:00\",\"dateModified\":\"2025-09-23T10:02:07+00:00\",\"description\":\"Inicia sess\u00e3o para aceder a todo o conte\u00fado exclusivo em highxtar.com.\",\"breadcrumb\":{\"@id\":\"https:\/\/highxtar.com\/pt-pt\/membership-login\/#breadcrumb\"},\"inLanguage\":\"pt-PT\",\"potentialAction\":[{\"@type\":\"ReadAction\",\"target\":[\"https:\/\/highxtar.com\/pt-pt\/membership-login\/\"]}]},{\"@type\":\"ImageObject\",\"inLanguage\":\"pt-PT\",\"@id\":\"https:\/\/highxtar.com\/pt-pt\/membership-login\/#primaryimage\",\"url\":\"https:\/\/highxtar.com\/wp-content\/uploads\/2021\/10\/thumb-highxtar-fam.jpg\",\"contentUrl\":\"https:\/\/highxtar.com\/wp-content\/uploads\/2021\/10\/thumb-highxtar-fam.jpg\",\"width\":1600,\"height\":1200},{\"@type\":\"BreadcrumbList\",\"@id\":\"https:\/\/highxtar.com\/pt-pt\/membership-login\/#breadcrumb\",\"itemListElement\":[{\"@type\":\"ListItem\",\"position\":1,\"name\":\"Home\",\"item\":\"https:\/\/highxtar.com\/pt-pt\/\"},{\"@type\":\"ListItem\",\"position\":2,\"name\":\"Aceder a HIGHXTAR.COM\"}]},{\"@type\":\"WebSite\",\"@id\":\"https:\/\/highxtar.com\/#website\",\"url\":\"https:\/\/highxtar.com\/\",\"name\":\"HIGHXTAR.\",\"description\":\"HIGHXTAR. es la voz latina de la moda y el streetwear. Devotos de las cosas que hacen la vida urbana excitante: Moda, M\u00fasica, Lifestyle, Arte &amp; Dise\u00f1o.\",\"publisher\":{\"@id\":\"https:\/\/highxtar.com\/#organization\"},\"potentialAction\":[{\"@type\":\"SearchAction\",\"target\":{\"@type\":\"EntryPoint\",\"urlTemplate\":\"https:\/\/highxtar.com\/?s={search_term_string}\"},\"query-input\":{\"@type\":\"PropertyValueSpecification\",\"valueRequired\":true,\"valueName\":\"search_term_string\"}}],\"inLanguage\":\"pt-PT\"},{\"@type\":\"Organization\",\"@id\":\"https:\/\/highxtar.com\/#organization\",\"name\":\"HIGHXTAR.\",\"url\":\"https:\/\/highxtar.com\/\",\"logo\":{\"@type\":\"ImageObject\",\"inLanguage\":\"pt-PT\",\"@id\":\"https:\/\/highxtar.com\/#\/schema\/logo\/image\/\",\"url\":\"https:\/\/highxtar.com\/wp-content\/uploads\/2016\/03\/HIGHXTAR_com_Favicon_2019.jpg\",\"contentUrl\":\"https:\/\/highxtar.com\/wp-content\/uploads\/2016\/03\/HIGHXTAR_com_Favicon_2019.jpg\",\"width\":1200,\"height\":1200,\"caption\":\"HIGHXTAR.\"},\"image\":{\"@id\":\"https:\/\/highxtar.com\/#\/schema\/logo\/image\/\"},\"sameAs\":[\"https:\/\/www.facebook.com\/highxtar\",\"https:\/\/x.com\/highxtar_\",\"https:\/\/www.instagram.com\/highxtar\",\"https:\/\/www.tiktok.com\/@highxtar\",\"https:\/\/www.youtube.com\/c\/highxtarofficial\",\"https:\/\/open.spotify.com\/user\/highxtar\"]}]}<\/script>\n<!-- \/ Yoast SEO Premium plugin. -->","yoast_head_json":{"title":"Aceder a HIGHXTAR.COM - HIGHXTAR.","description":"Inicia sess\u00e3o para aceder a todo o conte\u00fado exclusivo em highxtar.com.","robots":{"index":"index","follow":"follow","max-snippet":"max-snippet:-1","max-image-preview":"max-image-preview:large","max-video-preview":"max-video-preview:-1"},"canonical":"https:\/\/highxtar.com\/pt-pt\/membership-login\/","og_locale":"pt_PT","og_type":"article","og_title":"Aceder a HIGHXTAR.COM","og_description":"Inicia sess\u00e3o para aceder a todo o conte\u00fado exclusivo em highxtar.com.","og_url":"https:\/\/highxtar.com\/pt-pt\/membership-login\/","og_site_name":"HIGHXTAR.","article_publisher":"https:\/\/www.facebook.com\/highxtar","article_modified_time":"2025-09-23T10:02:07+00:00","og_image":[{"width":1600,"height":1200,"url":"https:\/\/highxtar.com\/wp-content\/uploads\/2021\/10\/thumb-highxtar-fam.jpg","type":"image\/jpeg"}],"twitter_card":"summary_large_image","twitter_site":"@highxtar_","twitter_misc":{"Tempo estimado de leitura":"1 minuto"},"schema":{"@context":"https:\/\/schema.org","@graph":[{"@type":"WebPage","@id":"https:\/\/highxtar.com\/pt-pt\/membership-login\/","url":"https:\/\/highxtar.com\/pt-pt\/membership-login\/","name":"Aceder a HIGHXTAR.COM - HIGHXTAR.","isPartOf":{"@id":"https:\/\/highxtar.com\/#website"},"primaryImageOfPage":{"@id":"https:\/\/highxtar.com\/pt-pt\/membership-login\/#primaryimage"},"image":{"@id":"https:\/\/highxtar.com\/pt-pt\/membership-login\/#primaryimage"},"thumbnailUrl":"https:\/\/highxtar.com\/wp-content\/uploads\/2021\/10\/thumb-highxtar-fam.jpg","datePublished":"2025-09-23T09:27:41+00:00","dateModified":"2025-09-23T10:02:07+00:00","description":"Inicia sess\u00e3o para aceder a todo o conte\u00fado exclusivo em highxtar.com.","breadcrumb":{"@id":"https:\/\/highxtar.com\/pt-pt\/membership-login\/#breadcrumb"},"inLanguage":"pt-PT","potentialAction":[{"@type":"ReadAction","target":["https:\/\/highxtar.com\/pt-pt\/membership-login\/"]}]},{"@type":"ImageObject","inLanguage":"pt-PT","@id":"https:\/\/highxtar.com\/pt-pt\/membership-login\/#primaryimage","url":"https:\/\/highxtar.com\/wp-content\/uploads\/2021\/10\/thumb-highxtar-fam.jpg","contentUrl":"https:\/\/highxtar.com\/wp-content\/uploads\/2021\/10\/thumb-highxtar-fam.jpg","width":1600,"height":1200},{"@type":"BreadcrumbList","@id":"https:\/\/highxtar.com\/pt-pt\/membership-login\/#breadcrumb","itemListElement":[{"@type":"ListItem","position":1,"name":"Home","item":"https:\/\/highxtar.com\/pt-pt\/"},{"@type":"ListItem","position":2,"name":"Aceder a HIGHXTAR.COM"}]},{"@type":"WebSite","@id":"https:\/\/highxtar.com\/#website","url":"https:\/\/highxtar.com\/","name":"HIGHXTAR.","description":"HIGHXTAR. es la voz latina de la moda y el streetwear. Devotos de las cosas que hacen la vida urbana excitante: Moda, M\u00fasica, Lifestyle, Arte &amp; Dise\u00f1o.","publisher":{"@id":"https:\/\/highxtar.com\/#organization"},"potentialAction":[{"@type":"SearchAction","target":{"@type":"EntryPoint","urlTemplate":"https:\/\/highxtar.com\/?s={search_term_string}"},"query-input":{"@type":"PropertyValueSpecification","valueRequired":true,"valueName":"search_term_string"}}],"inLanguage":"pt-PT"},{"@type":"Organization","@id":"https:\/\/highxtar.com\/#organization","name":"HIGHXTAR.","url":"https:\/\/highxtar.com\/","logo":{"@type":"ImageObject","inLanguage":"pt-PT","@id":"https:\/\/highxtar.com\/#\/schema\/logo\/image\/","url":"https:\/\/highxtar.com\/wp-content\/uploads\/2016\/03\/HIGHXTAR_com_Favicon_2019.jpg","contentUrl":"https:\/\/highxtar.com\/wp-content\/uploads\/2016\/03\/HIGHXTAR_com_Favicon_2019.jpg","width":1200,"height":1200,"caption":"HIGHXTAR."},"image":{"@id":"https:\/\/highxtar.com\/#\/schema\/logo\/image\/"},"sameAs":["https:\/\/www.facebook.com\/highxtar","https:\/\/x.com\/highxtar_","https:\/\/www.instagram.com\/highxtar","https:\/\/www.tiktok.com\/@highxtar","https:\/\/www.youtube.com\/c\/highxtarofficial","https:\/\/open.spotify.com\/user\/highxtar"]}]}},"_links":{"self":[{"href":"https:\/\/highxtar.com\/pt-pt\/wp-json\/wp\/v2\/pages\/533991","targetHints":{"allow":["GET"]}}],"collection":[{"href":"https:\/\/highxtar.com\/pt-pt\/wp-json\/wp\/v2\/pages"}],"about":[{"href":"https:\/\/highxtar.com\/pt-pt\/wp-json\/wp\/v2\/types\/page"}],"author":[{"embeddable":true,"href":"https:\/\/highxtar.com\/pt-pt\/wp-json\/wp\/v2\/users\/50"}],"replies":[{"embeddable":true,"href":"https:\/\/highxtar.com\/pt-pt\/wp-json\/wp\/v2\/comments?post=533991"}],"version-history":[{"count":2,"href":"https:\/\/highxtar.com\/pt-pt\/wp-json\/wp\/v2\/pages\/533991\/revisions"}],"predecessor-version":[{"id":534046,"href":"https:\/\/highxtar.com\/pt-pt\/wp-json\/wp\/v2\/pages\/533991\/revisions\/534046"}],"wp:featuredmedia":[{"embeddable":true,"href":"https:\/\/highxtar.com\/pt-pt\/wp-json\/wp\/v2\/media\/533976"}],"wp:attachment":[{"href":"https:\/\/highxtar.com\/pt-pt\/wp-json\/wp\/v2\/media?parent=533991"}],"curies":[{"name":"wp","href":"https:\/\/api.w.org\/{rel}","templated":true}]}}