{"id":533995,"date":"2025-09-23T11:33:51","date_gmt":"2025-09-23T09:33:51","guid":{"rendered":"https:\/\/highxtar.com\/?page_id=533995"},"modified":"2025-09-23T11:33:51","modified_gmt":"2025-09-23T09:33:51","slug":"membro-perfil","status":"publish","type":"page","link":"https:\/\/highxtar.com\/pt-pt\/membro-perfil\/","title":{"rendered":"Perfil"},"content":{"rendered":"<div class=\"wp-block-image\">\n<figure class=\"aligncenter\"><img decoding=\"async\" width=\"300\" height=\"30\" src=\"https:\/\/highxtar.com\/wp-content\/uploads\/2021\/10\/highxtar-fam-premium-logo-300x30.png\" alt=\"\" class=\"wp-image-223042\" srcset=\"https:\/\/highxtar.com\/wp-content\/uploads\/2021\/10\/highxtar-fam-premium-logo-300x30.png 300w, https:\/\/highxtar.com\/wp-content\/uploads\/2021\/10\/highxtar-fam-premium-logo-508x50.png 508w, https:\/\/highxtar.com\/wp-content\/uploads\/2021\/10\/highxtar-fam-premium-logo.png 729w\" sizes=\"(max-width: 300px) 100vw, 300px\" \/><\/figure>\n<\/div>\n\n\n<p>[swpm_profile_form]<\/p>\n\n\n\n<p>Se estiveres a ter problemas com a tua conta, por favor contacta-nos em <a>support@highxtar.com<\/a>.<\/p>\n","protected":false},"excerpt":{"rendered":"<p>[swpm_profile_form] Se estiveres a ter problemas com a tua conta, por favor contacta-nos em support@highxtar.com.<\/p>\n","protected":false},"author":50,"featured_media":533976,"parent":0,"menu_order":0,"comment_status":"closed","ping_status":"closed","template":"","meta":{"_acf_changed":false,"footnotes":""},"class_list":["post-533995","page","type-page","status-publish","has-post-thumbnail","hentry"],"acf":[],"yoast_head":"<!-- This site is optimized with the Yoast SEO Premium plugin  - https:\/\/yoast.com\/product\/yoast-seo-premium-wordpress\/ -->\n<title>Perfil - HIGHXTAR.<\/title>\n<meta name=\"description\" content=\"Esta \u00e9 a tua p\u00e1gina de perfil. Preenche todos os campos. Bem-vindo \u00e0 nossa comunidade.\" \/>\n<meta name=\"robots\" content=\"index, follow, max-snippet:-1, max-image-preview:large, max-video-preview:-1\" \/>\n<link rel=\"canonical\" href=\"https:\/\/highxtar.com\/pt-pt\/membro-perfil\/\" \/>\n<meta property=\"og:locale\" content=\"pt_PT\" \/>\n<meta property=\"og:type\" content=\"article\" \/>\n<meta property=\"og:title\" content=\"Perfil\" \/>\n<meta property=\"og:description\" content=\"Esta \u00e9 a tua p\u00e1gina de perfil. Preenche todos os campos. Bem-vindo \u00e0 nossa comunidade.\" \/>\n<meta property=\"og:url\" content=\"https:\/\/highxtar.com\/pt-pt\/membro-perfil\/\" \/>\n<meta property=\"og:site_name\" content=\"HIGHXTAR.\" \/>\n<meta property=\"article:publisher\" content=\"https:\/\/www.facebook.com\/highxtar\" \/>\n<meta property=\"og:image\" content=\"https:\/\/highxtar.com\/wp-content\/uploads\/2021\/10\/thumb-highxtar-fam.jpg\" \/>\n\t<meta property=\"og:image:width\" content=\"1600\" \/>\n\t<meta property=\"og:image:height\" content=\"1200\" \/>\n\t<meta property=\"og:image:type\" content=\"image\/jpeg\" \/>\n<meta name=\"twitter:card\" content=\"summary_large_image\" \/>\n<meta name=\"twitter:site\" content=\"@highxtar_\" \/>\n<meta name=\"twitter:label1\" content=\"Tempo estimado de leitura\" \/>\n\t<meta name=\"twitter:data1\" content=\"1 minuto\" \/>\n<script type=\"application\/ld+json\" class=\"yoast-schema-graph\">{\"@context\":\"https:\\\/\\\/schema.org\",\"@graph\":[{\"@type\":\"WebPage\",\"@id\":\"https:\\\/\\\/highxtar.com\\\/pt-pt\\\/membro-perfil\\\/\",\"url\":\"https:\\\/\\\/highxtar.com\\\/pt-pt\\\/membro-perfil\\\/\",\"name\":\"Perfil - HIGHXTAR.\",\"isPartOf\":{\"@id\":\"https:\\\/\\\/highxtar.com\\\/#website\"},\"primaryImageOfPage\":{\"@id\":\"https:\\\/\\\/highxtar.com\\\/pt-pt\\\/membro-perfil\\\/#primaryimage\"},\"image\":{\"@id\":\"https:\\\/\\\/highxtar.com\\\/pt-pt\\\/membro-perfil\\\/#primaryimage\"},\"thumbnailUrl\":\"https:\\\/\\\/highxtar.com\\\/wp-content\\\/uploads\\\/2021\\\/10\\\/thumb-highxtar-fam.jpg\",\"datePublished\":\"2025-09-23T09:33:51+00:00\",\"description\":\"Esta \u00e9 a tua p\u00e1gina de perfil. Preenche todos os campos. Bem-vindo \u00e0 nossa comunidade.\",\"breadcrumb\":{\"@id\":\"https:\\\/\\\/highxtar.com\\\/pt-pt\\\/membro-perfil\\\/#breadcrumb\"},\"inLanguage\":\"pt-PT\",\"potentialAction\":[{\"@type\":\"ReadAction\",\"target\":[\"https:\\\/\\\/highxtar.com\\\/pt-pt\\\/membro-perfil\\\/\"]}]},{\"@type\":\"ImageObject\",\"inLanguage\":\"pt-PT\",\"@id\":\"https:\\\/\\\/highxtar.com\\\/pt-pt\\\/membro-perfil\\\/#primaryimage\",\"url\":\"https:\\\/\\\/highxtar.com\\\/wp-content\\\/uploads\\\/2021\\\/10\\\/thumb-highxtar-fam.jpg\",\"contentUrl\":\"https:\\\/\\\/highxtar.com\\\/wp-content\\\/uploads\\\/2021\\\/10\\\/thumb-highxtar-fam.jpg\",\"width\":1600,\"height\":1200},{\"@type\":\"BreadcrumbList\",\"@id\":\"https:\\\/\\\/highxtar.com\\\/pt-pt\\\/membro-perfil\\\/#breadcrumb\",\"itemListElement\":[{\"@type\":\"ListItem\",\"position\":1,\"name\":\"Home\",\"item\":\"https:\\\/\\\/highxtar.com\\\/pt-pt\\\/\"},{\"@type\":\"ListItem\",\"position\":2,\"name\":\"Perfil\"}]},{\"@type\":\"WebSite\",\"@id\":\"https:\\\/\\\/highxtar.com\\\/#website\",\"url\":\"https:\\\/\\\/highxtar.com\\\/\",\"name\":\"HIGHXTAR.\",\"description\":\"HIGHXTAR. es la voz latina de la moda y el streetwear. Devotos de las cosas que hacen la vida urbana excitante: Moda, M\u00fasica, Lifestyle, Arte &amp; Dise\u00f1o.\",\"publisher\":{\"@id\":\"https:\\\/\\\/highxtar.com\\\/#organization\"},\"potentialAction\":[{\"@type\":\"SearchAction\",\"target\":{\"@type\":\"EntryPoint\",\"urlTemplate\":\"https:\\\/\\\/highxtar.com\\\/?s={search_term_string}\"},\"query-input\":{\"@type\":\"PropertyValueSpecification\",\"valueRequired\":true,\"valueName\":\"search_term_string\"}}],\"inLanguage\":\"pt-PT\"},{\"@type\":\"Organization\",\"@id\":\"https:\\\/\\\/highxtar.com\\\/#organization\",\"name\":\"HIGHXTAR.\",\"url\":\"https:\\\/\\\/highxtar.com\\\/\",\"logo\":{\"@type\":\"ImageObject\",\"inLanguage\":\"pt-PT\",\"@id\":\"https:\\\/\\\/highxtar.com\\\/#\\\/schema\\\/logo\\\/image\\\/\",\"url\":\"https:\\\/\\\/highxtar.com\\\/wp-content\\\/uploads\\\/2016\\\/03\\\/HIGHXTAR_com_Favicon_2019.jpg\",\"contentUrl\":\"https:\\\/\\\/highxtar.com\\\/wp-content\\\/uploads\\\/2016\\\/03\\\/HIGHXTAR_com_Favicon_2019.jpg\",\"width\":1200,\"height\":1200,\"caption\":\"HIGHXTAR.\"},\"image\":{\"@id\":\"https:\\\/\\\/highxtar.com\\\/#\\\/schema\\\/logo\\\/image\\\/\"},\"sameAs\":[\"https:\\\/\\\/www.facebook.com\\\/highxtar\",\"https:\\\/\\\/x.com\\\/highxtar_\",\"https:\\\/\\\/www.instagram.com\\\/highxtar\",\"https:\\\/\\\/www.tiktok.com\\\/@highxtar\",\"https:\\\/\\\/www.youtube.com\\\/c\\\/highxtarofficial\",\"https:\\\/\\\/open.spotify.com\\\/user\\\/highxtar\"]}]}<\/script>\n<!-- \/ Yoast SEO Premium plugin. -->","yoast_head_json":{"title":"Perfil - HIGHXTAR.","description":"Esta \u00e9 a tua p\u00e1gina de perfil. Preenche todos os campos. Bem-vindo \u00e0 nossa comunidade.","robots":{"index":"index","follow":"follow","max-snippet":"max-snippet:-1","max-image-preview":"max-image-preview:large","max-video-preview":"max-video-preview:-1"},"canonical":"https:\/\/highxtar.com\/pt-pt\/membro-perfil\/","og_locale":"pt_PT","og_type":"article","og_title":"Perfil","og_description":"Esta \u00e9 a tua p\u00e1gina de perfil. Preenche todos os campos. Bem-vindo \u00e0 nossa comunidade.","og_url":"https:\/\/highxtar.com\/pt-pt\/membro-perfil\/","og_site_name":"HIGHXTAR.","article_publisher":"https:\/\/www.facebook.com\/highxtar","og_image":[{"width":1600,"height":1200,"url":"https:\/\/highxtar.com\/wp-content\/uploads\/2021\/10\/thumb-highxtar-fam.jpg","type":"image\/jpeg"}],"twitter_card":"summary_large_image","twitter_site":"@highxtar_","twitter_misc":{"Tempo estimado de leitura":"1 minuto"},"schema":{"@context":"https:\/\/schema.org","@graph":[{"@type":"WebPage","@id":"https:\/\/highxtar.com\/pt-pt\/membro-perfil\/","url":"https:\/\/highxtar.com\/pt-pt\/membro-perfil\/","name":"Perfil - HIGHXTAR.","isPartOf":{"@id":"https:\/\/highxtar.com\/#website"},"primaryImageOfPage":{"@id":"https:\/\/highxtar.com\/pt-pt\/membro-perfil\/#primaryimage"},"image":{"@id":"https:\/\/highxtar.com\/pt-pt\/membro-perfil\/#primaryimage"},"thumbnailUrl":"https:\/\/highxtar.com\/wp-content\/uploads\/2021\/10\/thumb-highxtar-fam.jpg","datePublished":"2025-09-23T09:33:51+00:00","description":"Esta \u00e9 a tua p\u00e1gina de perfil. Preenche todos os campos. Bem-vindo \u00e0 nossa comunidade.","breadcrumb":{"@id":"https:\/\/highxtar.com\/pt-pt\/membro-perfil\/#breadcrumb"},"inLanguage":"pt-PT","potentialAction":[{"@type":"ReadAction","target":["https:\/\/highxtar.com\/pt-pt\/membro-perfil\/"]}]},{"@type":"ImageObject","inLanguage":"pt-PT","@id":"https:\/\/highxtar.com\/pt-pt\/membro-perfil\/#primaryimage","url":"https:\/\/highxtar.com\/wp-content\/uploads\/2021\/10\/thumb-highxtar-fam.jpg","contentUrl":"https:\/\/highxtar.com\/wp-content\/uploads\/2021\/10\/thumb-highxtar-fam.jpg","width":1600,"height":1200},{"@type":"BreadcrumbList","@id":"https:\/\/highxtar.com\/pt-pt\/membro-perfil\/#breadcrumb","itemListElement":[{"@type":"ListItem","position":1,"name":"Home","item":"https:\/\/highxtar.com\/pt-pt\/"},{"@type":"ListItem","position":2,"name":"Perfil"}]},{"@type":"WebSite","@id":"https:\/\/highxtar.com\/#website","url":"https:\/\/highxtar.com\/","name":"HIGHXTAR.","description":"HIGHXTAR. es la voz latina de la moda y el streetwear. Devotos de las cosas que hacen la vida urbana excitante: Moda, M\u00fasica, Lifestyle, Arte &amp; Dise\u00f1o.","publisher":{"@id":"https:\/\/highxtar.com\/#organization"},"potentialAction":[{"@type":"SearchAction","target":{"@type":"EntryPoint","urlTemplate":"https:\/\/highxtar.com\/?s={search_term_string}"},"query-input":{"@type":"PropertyValueSpecification","valueRequired":true,"valueName":"search_term_string"}}],"inLanguage":"pt-PT"},{"@type":"Organization","@id":"https:\/\/highxtar.com\/#organization","name":"HIGHXTAR.","url":"https:\/\/highxtar.com\/","logo":{"@type":"ImageObject","inLanguage":"pt-PT","@id":"https:\/\/highxtar.com\/#\/schema\/logo\/image\/","url":"https:\/\/highxtar.com\/wp-content\/uploads\/2016\/03\/HIGHXTAR_com_Favicon_2019.jpg","contentUrl":"https:\/\/highxtar.com\/wp-content\/uploads\/2016\/03\/HIGHXTAR_com_Favicon_2019.jpg","width":1200,"height":1200,"caption":"HIGHXTAR."},"image":{"@id":"https:\/\/highxtar.com\/#\/schema\/logo\/image\/"},"sameAs":["https:\/\/www.facebook.com\/highxtar","https:\/\/x.com\/highxtar_","https:\/\/www.instagram.com\/highxtar","https:\/\/www.tiktok.com\/@highxtar","https:\/\/www.youtube.com\/c\/highxtarofficial","https:\/\/open.spotify.com\/user\/highxtar"]}]}},"_links":{"self":[{"href":"https:\/\/highxtar.com\/pt-pt\/wp-json\/wp\/v2\/pages\/533995","targetHints":{"allow":["GET"]}}],"collection":[{"href":"https:\/\/highxtar.com\/pt-pt\/wp-json\/wp\/v2\/pages"}],"about":[{"href":"https:\/\/highxtar.com\/pt-pt\/wp-json\/wp\/v2\/types\/page"}],"author":[{"embeddable":true,"href":"https:\/\/highxtar.com\/pt-pt\/wp-json\/wp\/v2\/users\/50"}],"replies":[{"embeddable":true,"href":"https:\/\/highxtar.com\/pt-pt\/wp-json\/wp\/v2\/comments?post=533995"}],"version-history":[{"count":1,"href":"https:\/\/highxtar.com\/pt-pt\/wp-json\/wp\/v2\/pages\/533995\/revisions"}],"predecessor-version":[{"id":533998,"href":"https:\/\/highxtar.com\/pt-pt\/wp-json\/wp\/v2\/pages\/533995\/revisions\/533998"}],"wp:featuredmedia":[{"embeddable":true,"href":"https:\/\/highxtar.com\/pt-pt\/wp-json\/wp\/v2\/media\/533976"}],"wp:attachment":[{"href":"https:\/\/highxtar.com\/pt-pt\/wp-json\/wp\/v2\/media?parent=533995"}],"curies":[{"name":"wp","href":"https:\/\/api.w.org\/{rel}","templated":true}]}}